{"id":2,"date":"2023-01-17T14:35:20","date_gmt":"2023-01-17T13:35:20","guid":{"rendered":"http:\/\/mypurchasinglab.com\/?page_id=2"},"modified":"2023-01-17T15:26:08","modified_gmt":"2023-01-17T14:26:08","slug":"quisommesnous","status":"publish","type":"page","link":"https:\/\/mypurchasinglab.com\/index.php\/quisommesnous\/","title":{"rendered":"Qui Sommes-Nous?"},"content":{"rendered":"\n<p><\/p>\n\n\n\n<blockquote class=\"wp-block-quote is-layout-flow wp-block-quote-is-layout-flow\">\n<p>MyPurchasingLab est n\u00e9e en 2023, \u00e0 la crois\u00e9e d&#8217;une exp\u00e9rience de management de transition dans la fonction achats, et de l&#8217;intuition qu&#8217;un profond changement de perspective est n\u00e9cessaire dans l&#8217;approche des multiples impacts d&#8217;une d\u00e9cision d&#8217;achat. <\/p>\n\n\n\n<p>A la crois\u00e9e des enjeux de la Mobilit\u00e9 de demain, de la prise en consid\u00e9ration de l&#8217;impact soci\u00e9tal global des entreprises et des collaborateurs, et de la performance \u00e9conomique dans une approche holistique &#8220;TCO&#8221; (Total Cost of Ownership), notre mission est d&#8217;accompagner les entreprises dans une approche achats durable et comp\u00e9titive.<\/p>\n<\/blockquote>\n\n\n\n<p>Venez d\u00e9couvrir <a href=\"http:\/\/mypurchasinglab.com\/index.php\/nos-services\/\" data-type=\"URL\" data-id=\"http:\/\/mypurchasinglab.com\/index.php\/nos-services\/\">nos Services<\/a>, et ce que MyPurchasingLab peut faire pour accro\u00eetre le potentiel de vos Achats !<\/p>\n","protected":false},"excerpt":{"rendered":"<p>MyPurchasingLab est n\u00e9e en 2023, \u00e0 la crois\u00e9e d&#8217;une exp\u00e9rience de management de transition dans la fonction achats, et de l&#8217;intuition qu&#8217;un profond changement de perspective est n\u00e9cessaire dans l&#8217;approche des multiples impacts d&#8217;une d\u00e9cision d&#8217;achat. A la crois\u00e9e des enjeux de la Mobilit\u00e9 de demain, de la prise en consid\u00e9ration de l&#8217;impact soci\u00e9tal global [&hellip;]<\/p>\n","protected":false},"author":1,"featured_media":0,"parent":0,"menu_order":0,"comment_status":"closed","ping_status":"open","template":"","meta":{"footnotes":""},"class_list":["post-2","page","type-page","status-publish","hentry"],"_links":{"self":[{"href":"https:\/\/mypurchasinglab.com\/index.php\/wp-json\/wp\/v2\/pages\/2","targetHints":{"allow":["GET"]}}],"collection":[{"href":"https:\/\/mypurchasinglab.com\/index.php\/wp-json\/wp\/v2\/pages"}],"about":[{"href":"https:\/\/mypurchasinglab.com\/index.php\/wp-json\/wp\/v2\/types\/page"}],"author":[{"embeddable":true,"href":"https:\/\/mypurchasinglab.com\/index.php\/wp-json\/wp\/v2\/users\/1"}],"replies":[{"embeddable":true,"href":"https:\/\/mypurchasinglab.com\/index.php\/wp-json\/wp\/v2\/comments?post=2"}],"version-history":[{"count":2,"href":"https:\/\/mypurchasinglab.com\/index.php\/wp-json\/wp\/v2\/pages\/2\/revisions"}],"predecessor-version":[{"id":50,"href":"https:\/\/mypurchasinglab.com\/index.php\/wp-json\/wp\/v2\/pages\/2\/revisions\/50"}],"wp:attachment":[{"href":"https:\/\/mypurchasinglab.com\/index.php\/wp-json\/wp\/v2\/media?parent=2"}],"curies":[{"name":"wp","href":"https:\/\/api.w.org\/{rel}","templated":true}]}}